{"id":1263,"date":"2017-08-21T17:06:13","date_gmt":"2017-08-21T17:06:13","guid":{"rendered":"https:\/\/www.cedros.pt\/en\/?page_id=1263"},"modified":"2026-01-08T10:34:07","modified_gmt":"2026-01-08T10:34:07","slug":"nebosh","status":"publish","type":"page","link":"https:\/\/www.cedros.pt\/en\/training\/nebosh\/","title":{"rendered":"NEBOSH"},"content":{"rendered":"<h2>\u00a0<\/h2>\n<table>\n<tbody>\n<tr>\n<td width=\"466\">\n<h1>IGC &#8211; International General Certificate<\/h1>\n<\/td>\n<td width=\"466\"><img loading=\"lazy\" decoding=\"async\" class=\"wp-image-12042 alignright\" src=\"https:\/\/www.cedros.pt\/wp-content\/uploads\/2024\/12\/Certified-Logo-Gold-1.jpg\" alt=\"\" width=\"88\" height=\"176\" \/><\/td>\n<\/tr>\n<\/tbody>\n<\/table>\n<table>\n<tbody>\n<tr>\n<td width=\"466\">\n<h4><span style=\"color: #ff9900;\"><b>What is IGC \u2013 International General Certificate <\/b><\/span><\/h4>\n<p><b><br \/><\/b>With NESBOS IGC \u2013 International General Certificate (or International General Health and Occupational Safety Certificate) you can gain recognition for your skills and knowledge in Health and Safety, <strong>in any part of the world<\/strong>. In order to do so you need to successfully complete a course that will provide you with several benefits.<\/p>\n<\/td>\n<td width=\"466\">\n<p><img loading=\"lazy\" decoding=\"async\" class=\"alignnone size-medium wp-image-403 alignright\" src=\"https:\/\/www.cedros.pt\/wp-content\/uploads\/2017\/02\/parcerias-cedros-300x200.jpg\" alt=\"\" width=\"300\" height=\"200\" srcset=\"https:\/\/www.cedros.pt\/wp-content\/uploads\/2017\/02\/parcerias-cedros-300x200.jpg 300w, https:\/\/www.cedros.pt\/wp-content\/uploads\/2017\/02\/parcerias-cedros-768x512.jpg 768w, https:\/\/www.cedros.pt\/wp-content\/uploads\/2017\/02\/parcerias-cedros.jpg 960w\" sizes=\"auto, (max-width: 300px) 100vw, 300px\" \/><\/p>\n<\/td>\n<\/tr>\n<\/tbody>\n<\/table>\n<table>\n<tbody>\n<tr>\n<td width=\"466\">\n<h4 style=\"color: #ef7203;\"><span style=\"color: #ff9900;\">Advantages of this course<\/span><\/h4>\n<ul>\n<li style=\"text-align: left;\"><strong>Achievement<\/strong> \u2013 NEBOSH is a renowned name in the field of health and safety.<\/li>\n<li style=\"text-align: left;\">Besides covering a variety of work risks and control methods, the courses include <strong>international norms.<\/strong><\/li>\n<li style=\"text-align: left;\"><strong>Knowledge, satisfaction and career development.<\/strong><\/li>\n<\/ul>\n<p><strong>\u00a0\u00a0\u00a0\u00a0\u00a0\u00a0\u00a0\u00a0\u00a0\u00a0\u00a0\u00a0\u00a0\u00a0\u00a0\u00a0\u00a0\u00a0\u00a0\u00a0\u00a0\u00a0\u00a0\u00a0\u00a0\u00a0\u00a0\u00a0\u00a0\u00a0\u00a0\u00a0\u00a0\u00a0\u00a0\u00a0\u00a0\u00a0\u00a0\u00a0\u00a0\u00a0\u00a0\u00a0\u00a0\u00a0\u00a0\u00a0\u00a0\u00a0\u00a0\u00a0\u00a0\u00a0\u00a0\u00a0\u00a0\u00a0\u00a0\u00a0\u00a0\u00a0\u00a0\u00a0\u00a0\u00a0\u00a0\u00a0\u00a0\u00a0\u00a0\u00a0\u00a0\u00a0\u00a0<\/strong><\/p>\n<\/td>\n<td width=\"466\">\n<p><img loading=\"lazy\" decoding=\"async\" class=\" wp-image-44 alignright\" src=\"https:\/\/www.cedros.pt\/wp-content\/uploads\/2017\/02\/img-01-300x138.jpg\" alt=\"\" width=\"307\" height=\"141\" srcset=\"https:\/\/www.cedros.pt\/wp-content\/uploads\/2017\/02\/img-01-300x138.jpg 300w, https:\/\/www.cedros.pt\/wp-content\/uploads\/2017\/02\/img-01-768x352.jpg 768w, https:\/\/www.cedros.pt\/wp-content\/uploads\/2017\/02\/img-01-1024x470.jpg 1024w, https:\/\/www.cedros.pt\/wp-content\/uploads\/2017\/02\/img-01.jpg 1280w\" sizes=\"auto, (max-width: 307px) 100vw, 307px\" \/><\/p>\n<p style=\"padding-left: 60px;\"><u>\u00a0<\/u><\/p>\n<\/td>\n<\/tr>\n<\/tbody>\n<\/table>\n<table>\n<tbody>\n<tr>\n<td width=\"466\">\n<h4><span style=\"color: #ff6600;\"><b><span style=\"color: #ff9900;\">About the IGC course \u2013 International General Certificate<\/span> <\/b><\/span><\/h4>\n<p>Unit GIC1: Management of health and safety<br \/>Unit GIC2: Risk assessment<\/p>\n<p>To view the complete program please <strong><a href=\"https:\/\/www.cedros.pt\/wp-content\/uploads\/2026\/01\/gic-learner-guide-v1-EN.pdf\">click here<\/a>.<\/strong><\/p>\n<\/td>\n<td width=\"466\"><img loading=\"lazy\" decoding=\"async\" class=\" wp-image-472 alignright\" src=\"https:\/\/www.cedros.pt\/wp-content\/uploads\/2017\/04\/mecanica-automovel-300x253.jpg\" alt=\"\" width=\"311\" height=\"262\" srcset=\"https:\/\/www.cedros.pt\/wp-content\/uploads\/2017\/04\/mecanica-automovel-300x253.jpg 300w, https:\/\/www.cedros.pt\/wp-content\/uploads\/2017\/04\/mecanica-automovel.jpg 640w\" sizes=\"auto, (max-width: 311px) 100vw, 311px\" \/><\/td>\n<\/tr>\n<\/tbody>\n<\/table>\n<p style=\"color: #ef7203;\"><b><\/b><i><\/i><span style=\"color: #ff9900;\"><u><br \/><\/u><\/span><\/p>\n<h4><span style=\"color: #ffffff;\">\u00a0.<\/span><\/h4>\n<h4><span style=\"color: #ff6600;\"><b><span style=\"color: #ff9900;\">Our Trainers<\/span> <\/b><\/span><\/h4>\n<table>\n<tbody>\n<tr>\n<td width=\"595\">\u00a0<\/td>\n<td width=\"338\">\u00a0<\/td>\n<\/tr>\n<tr>\n<td width=\"595\">\u00a0<\/td>\n<td width=\"338\">\u00a0<\/td>\n<\/tr>\n<tr>\n<td width=\"595\"><strong>Hugo Almeida <\/strong>\n<ul>\n<li>Occupational Health and Safety Manager<\/li>\n<li>IOSH Graduate Member<\/li>\n<li>Master in Risks and Civil Protection &#8211; Area of study Risks and Civil Protection<\/li>\n<li>Degree in Civil Engineering<\/li>\n<\/ul>\n<p style=\"padding-left: 30px;\">For full Profile view on Linkedin, <strong><a href=\"https:\/\/www.linkedin.com\/in\/hugo-almeida-nebosh-igc-graduate-iosh-5240aa53\/\" target=\"_blank\" rel=\"noopener noreferrer\"> click here<\/a><\/strong>.<\/p>\n<p style=\"padding-left: 30px;\">\u00a0<\/p>\n<\/td>\n<td width=\"338\">\u00a0<img loading=\"lazy\" decoding=\"async\" class=\"wp-image-892 alignright\" src=\"https:\/\/www.cedros.pt\/wp-content\/uploads\/2017\/12\/AAEAAQAAAAAAAAQ_AAAAJGRhNGMyNDQ0LWI4MjAtNDM4ZC05NjA1LTk4ZmJjOTNiNDU5Mg-300x300.jpg\" alt=\"\" width=\"155\" height=\"155\" srcset=\"https:\/\/www.cedros.pt\/wp-content\/uploads\/2017\/12\/AAEAAQAAAAAAAAQ_AAAAJGRhNGMyNDQ0LWI4MjAtNDM4ZC05NjA1LTk4ZmJjOTNiNDU5Mg-300x300.jpg 300w, https:\/\/www.cedros.pt\/wp-content\/uploads\/2017\/12\/AAEAAQAAAAAAAAQ_AAAAJGRhNGMyNDQ0LWI4MjAtNDM4ZC05NjA1LTk4ZmJjOTNiNDU5Mg-200x200.jpg 200w, https:\/\/www.cedros.pt\/wp-content\/uploads\/2017\/12\/AAEAAQAAAAAAAAQ_AAAAJGRhNGMyNDQ0LWI4MjAtNDM4ZC05NjA1LTk4ZmJjOTNiNDU5Mg-100x100.jpg 100w, https:\/\/www.cedros.pt\/wp-content\/uploads\/2017\/12\/AAEAAQAAAAAAAAQ_AAAAJGRhNGMyNDQ0LWI4MjAtNDM4ZC05NjA1LTk4ZmJjOTNiNDU5Mg-150x150.jpg 150w, https:\/\/www.cedros.pt\/wp-content\/uploads\/2017\/12\/AAEAAQAAAAAAAAQ_AAAAJGRhNGMyNDQ0LWI4MjAtNDM4ZC05NjA1LTk4ZmJjOTNiNDU5Mg-370x370.jpg 370w, https:\/\/www.cedros.pt\/wp-content\/uploads\/2017\/12\/AAEAAQAAAAAAAAQ_AAAAJGRhNGMyNDQ0LWI4MjAtNDM4ZC05NjA1LTk4ZmJjOTNiNDU5Mg-180x180.jpg 180w, https:\/\/www.cedros.pt\/wp-content\/uploads\/2017\/12\/AAEAAQAAAAAAAAQ_AAAAJGRhNGMyNDQ0LWI4MjAtNDM4ZC05NjA1LTk4ZmJjOTNiNDU5Mg.jpg 400w\" sizes=\"auto, (max-width: 155px) 100vw, 155px\" \/><\/td>\n<\/tr>\n<tr>\n<td width=\"595\">\n<p><strong>F\u00e1tima Val\u00e9rio<\/strong><\/p>\n<ul>\n<li>Licenciada em Engenharia Agro-Industrial<\/li>\n<li>Mestre em Ci\u00eancia e Tecnologia de Alimentos<\/li>\n<li>P\u00f3s Gradua\u00e7\u00e3o em Engenharia da Seguran\u00e7a<\/li>\n<li>T\u00e9cnica Superior de Seguran\u00e7a<\/li>\n<li>Exerceu actividade profissional na Ind\u00fastria (1986 \u2013 2013) numa multinacional assumindo v\u00e1rios cargos: Produ\u00e7\u00e3o, Organiza\u00e7\u00e3o T\u00e9cnica, Ambiente, Seguran\u00e7a e Sa\u00fade no Trabalho, Qualidade e Seguran\u00e7a Alimentar, TPM (Total Productive Maintenance) e Manufacturing Excellence Manager Europe<\/li>\n<li>Formadora\/Consultora S\u00e9nior<\/li>\n<li>Membro da CT 42 SC4 \u2013 Seguran\u00e7a e Sa\u00fade no Trabalho<\/li>\n<\/ul>\n<p>Para visualiza\u00e7\u00e3o de Perfil completo no Linkedin,<strong>\u00a0clique\u00a0<a href=\"https:\/\/www.linkedin.com\/in\/fatima-valerio-53759865\/\">aqui<\/a><\/strong>.<\/p>\n<\/td>\n<td width=\"338\"><img loading=\"lazy\" decoding=\"async\" class=\"wp-image-12573 alignright\" src=\"https:\/\/www.cedros.pt\/wp-content\/uploads\/2026\/01\/Imagem1.jpg\" alt=\"\" width=\"167\" height=\"142\" \/><\/td>\n<\/tr>\n<tr>\n<td width=\"595\">\u00a0<\/td>\n<td width=\"338\">\u00a0<\/td>\n<\/tr>\n<\/tbody>\n<\/table>\n<h4><span style=\"color: #ffffff;\"><b>.<\/b><\/span><\/h4>\n<h4><span style=\"color: #ff9900;\"><b>Upcoming Editions\u00a0<\/b><\/span><\/h4>\n<table>\n<tbody>\n<tr>\n<td width=\"466\"><strong>DATES:<\/strong>\n<p><strong>E-learning: <\/strong>\u00a0start date &#8211; February 11, 2026 *<\/p>\n<p>*delivered in Portuguese.<\/p>\n<\/td>\n<td width=\"466\">\u00a0<img loading=\"lazy\" decoding=\"async\" class=\" wp-image-597 alignright\" src=\"https:\/\/www.cedros.pt\/wp-content\/uploads\/2017\/05\/formacao-interempresas-300x200.jpg\" alt=\"\" width=\"294\" height=\"196\" srcset=\"https:\/\/www.cedros.pt\/wp-content\/uploads\/2017\/05\/formacao-interempresas-300x200.jpg 300w, https:\/\/www.cedros.pt\/wp-content\/uploads\/2017\/05\/formacao-interempresas.jpg 450w\" sizes=\"auto, (max-width: 294px) 100vw, 294px\" \/><\/td>\n<\/tr>\n<\/tbody>\n<\/table>\n<table style=\"height: 138px;\" width=\"842\">\n<tbody>\n<tr>\n<td width=\"359\">We offer special payment conditions.\n<p>If you would like more information, please do not hesitate to contact us at<br \/>cedros@cedros.pt<\/p>\n<\/td>\n<td width=\"207\">\u00a0<\/td>\n<\/tr>\n<\/tbody>\n<\/table>\n\n\n<p><code><mark style=\"background-color:rgba(0, 0, 0, 0)\" class=\"has-inline-color has-white-color\">.<\/mark><\/code><\/p>\n\n\n\n<p><strong><mark style=\"background-color:rgba(0, 0, 0, 0)\" class=\"has-inline-color has-luminous-vivid-orange-color\">Equality and Diversity Policy<\/mark><\/strong><\/p>\n\n\n\n<p><mark style=\"background-color:rgba(0, 0, 0, 0)\" class=\"has-inline-color has-white-color\">.<\/mark><\/p>\n\n\n\n<p>EQUALITY<\/p>\n\n\n\n<p>Equal opportunities are related to having a fair and unbiased view of people and creating conditions in the workplace and society that encourage and value diversity and promote dignity. It seeks to correct past imbalances and ensure that dealings with customers and suppliers are conducted in a constructive way that is inclusive and does not give rise to unwarranted discrimination.<\/p>\n\n\n\n<p><mark style=\"background-color:rgba(0, 0, 0, 0)\" class=\"has-inline-color has-white-color\">.<\/mark><\/p>\n\n\n\n<p>DIVERSITY<\/p>\n\n\n\n<p>Diversity is related to the creation of an inclusive environment and practices that benefit the institution and all those who work in it and with it. It takes into account the fact that people are different from each other in many ways. Understanding, valuing and effectively managing these differences can result in greater participation, which leads to individual, team and institutional success.<\/p>\n\n\n\n<p>When we talk about equal opportunities and diversity, we think of seven main areas:<\/p>\n\n\n\n<p>Age<\/p>\n\n\n\n<p>Deficiency<\/p>\n\n\n\n<p>race\/ethnicity<\/p>\n\n\n\n<p>Gender (including transgender)<\/p>\n\n\n\n<p>Religion\/belief and culture<\/p>\n\n\n\n<p>sexual orientation<\/p>\n\n\n\n<p>Conjugation of work and personal life.<\/p>\n\n\n\n<p>We have developed some policies that promote equality and diversity and we use a series of tools to verify and evaluate the progress in the generalization of these policies.<\/p>\n\n\n\n<p><mark style=\"background-color:rgba(0, 0, 0, 0)\" class=\"has-inline-color has-white-color\">.<\/mark><\/p>\n\n\n\n<p>Some initiatives (example)<\/p>\n\n\n\n<p>Our organization is committed to implementing the following measures within the framework of promoting the integration of people with disabilities or disabilities:<\/p>\n\n\n\n<p>\u2013 Priority service;<\/p>\n\n\n\n<p>\u2013 Accessibility of the facilities;<\/p>\n\n\n\n<p>\u2013 Provision of pedagogical resources in a format adapted to the visual abilities of the learners (for example the size of the letters) or mastery of computer tools (possibility of delivery in digital format or on paper).<\/p>\n\n\n\n<p><mark style=\"background-color:rgba(0, 0, 0, 0)\" class=\"has-inline-color has-white-color\">.<\/mark><\/p>\n\n\n\n<p><mark style=\"background-color:rgba(0, 0, 0, 0)\" class=\"has-inline-color has-luminous-vivid-orange-color\"><strong>Complaint Management Procedure<\/strong><\/mark><\/p>\n\n\n\n<p><mark style=\"background-color:rgba(0, 0, 0, 0)\" class=\"has-inline-color has-white-color\">.<\/mark><\/p>\n\n\n\n<p><mark style=\"background-color:rgba(0, 0, 0, 0)\" class=\"has-inline-color has-white-color\">.<\/mark><\/p>\n\n\n\n<p>See our Complaint Management procedure by clicking <a href=\"https:\/\/www.cedros.pt\/complaints-procedure\/\">HERE<\/a>.<\/p>\n","protected":false},"excerpt":{"rendered":"<p>\u00a0 IGC &#8211; International General Certificate What is IGC \u2013 International General Certificate With NESBOS IGC \u2013 International General Certificate (or International General Health and Occupational Safety Certificate) you can gain recognition for your skills and knowledge in Health and Safety, in any part of the world. In order to do so you need to [&hellip;]<\/p>\n","protected":false},"author":5,"featured_media":5026,"parent":1224,"menu_order":0,"comment_status":"closed","ping_status":"closed","template":"","meta":{"footnotes":""},"class_list":["post-1263","page","type-page","status-publish","has-post-thumbnail","hentry"],"_links":{"self":[{"href":"https:\/\/www.cedros.pt\/en\/wp-json\/wp\/v2\/pages\/1263","targetHints":{"allow":["GET"]}}],"collection":[{"href":"https:\/\/www.cedros.pt\/en\/wp-json\/wp\/v2\/pages"}],"about":[{"href":"https:\/\/www.cedros.pt\/en\/wp-json\/wp\/v2\/types\/page"}],"author":[{"embeddable":true,"href":"https:\/\/www.cedros.pt\/en\/wp-json\/wp\/v2\/users\/5"}],"replies":[{"embeddable":true,"href":"https:\/\/www.cedros.pt\/en\/wp-json\/wp\/v2\/comments?post=1263"}],"version-history":[{"count":21,"href":"https:\/\/www.cedros.pt\/en\/wp-json\/wp\/v2\/pages\/1263\/revisions"}],"predecessor-version":[{"id":12576,"href":"https:\/\/www.cedros.pt\/en\/wp-json\/wp\/v2\/pages\/1263\/revisions\/12576"}],"up":[{"embeddable":true,"href":"https:\/\/www.cedros.pt\/en\/wp-json\/wp\/v2\/pages\/1224"}],"wp:featuredmedia":[{"embeddable":true,"href":"https:\/\/www.cedros.pt\/en\/wp-json\/wp\/v2\/media\/5026"}],"wp:attachment":[{"href":"https:\/\/www.cedros.pt\/en\/wp-json\/wp\/v2\/media?parent=1263"}],"curies":[{"name":"wp","href":"https:\/\/api.w.org\/{rel}","templated":true}]}}