{"id":1395,"date":"2017-08-22T14:45:17","date_gmt":"2017-08-22T14:45:17","guid":{"rendered":"https:\/\/www.cedros.pt\/en\/?page_id=1395"},"modified":"2017-08-22T14:47:10","modified_gmt":"2017-08-22T14:47:10","slug":"advanced-studies-and-training-center","status":"publish","type":"page","link":"https:\/\/www.cedros.pt\/en\/training\/advanced-studies-and-training-center\/","title":{"rendered":"Advanced Studies and Training Center"},"content":{"rendered":"<h2>Centro de Estudos e Forma\u00e7\u00e3o Avan\u00e7ada<\/h2>\n<p>&nbsp;<\/p>\n<p>&nbsp;<\/p>\n<p style=\"color: #ef7203;\"><strong>O QUE \u00c9 O CENTRO DE ESTUDO E FORMA\u00c7\u00c3O AVAN\u00c7ADA?<\/strong><\/p>\n<p style=\"color: #ef7203;\"><span style=\"color: #ffffff;\">&#8230;&#8230;&#8230;&#8230;<\/span><\/p>\n<p>O Centro de Estudo e Forma\u00e7\u00e3o Avan\u00e7ada \u00e9 composto por profissionais seniores, que integram diversas Comiss\u00f5es T\u00e9cnicas e N\u00facleos de Trabalho.<\/p>\n<p><span style=\"color: #ffffff;\">.<\/span><\/p>\n<p><span style=\"color: #ffffff;\">.<\/span><br \/>\nO seu principal objetivo \u00e9 atualizar profissionais ao n\u00edvel da gest\u00e3o e dire\u00e7\u00e3o de empresas no \u00e2mbito dos diversos sistemas de gest\u00e3o. Tem tamb\u00e9m como objetivo desenvolver equipas coesas e eficazes, desenvolvendo eventos de teambuilding adaptados a cada organiza\u00e7\u00e3o.<\/p>\n<table style=\"height: 32px;\" width=\"5\">\n<tbody>\n<tr>\n<td width=\"283\"><\/td>\n<td width=\"283\"><\/td>\n<\/tr>\n<tr>\n<td width=\"283\"><\/td>\n<td width=\"283\"><\/td>\n<\/tr>\n<\/tbody>\n<\/table>\n<table style=\"height: 68px;\" width=\"848\">\n<tbody>\n<tr>\n<td width=\"196\">\n<h4 style=\"text-align: center;\"><a href=\"https:\/\/www.cedros.pt\/pos-graduacoes\/\"><img loading=\"lazy\" decoding=\"async\" class=\" wp-image-1015 aligncenter\" src=\"https:\/\/www.cedros.pt\/wp-content\/uploads\/2017\/07\/P\u00f3s-Gradua\u00e7\u00f5es.png\" alt=\"\" width=\"218\" height=\"218\" srcset=\"https:\/\/www.cedros.pt\/wp-content\/uploads\/2017\/07\/P\u00f3s-Gradua\u00e7\u00f5es.png 200w, https:\/\/www.cedros.pt\/wp-content\/uploads\/2017\/07\/P\u00f3s-Gradua\u00e7\u00f5es-100x100.png 100w, https:\/\/www.cedros.pt\/wp-content\/uploads\/2017\/07\/P\u00f3s-Gradua\u00e7\u00f5es-150x150.png 150w, https:\/\/www.cedros.pt\/wp-content\/uploads\/2017\/07\/P\u00f3s-Gradua\u00e7\u00f5es-180x180.png 180w\" sizes=\"auto, (max-width: 218px) 100vw, 218px\" \/><\/a><\/h4>\n<h4 style=\"text-align: center;\"><\/h4>\n<h4 style=\"text-align: center;\"><a href=\"https:\/\/www.cedros.pt\/pos-graduacoes\/\">P\u00f3s-Gradua\u00e7\u00f5es<\/a><\/h4>\n<\/td>\n<td width=\"196\">\n<h4 style=\"text-align: center;\"><a href=\"https:\/\/www.cedros.pt\/cursos-de-curta-duracao\/\"><img loading=\"lazy\" decoding=\"async\" class=\"wp-image-1057 aligncenter\" src=\"https:\/\/www.cedros.pt\/wp-content\/uploads\/2017\/07\/16473467_1367587333282502_1509664304981036033_n.png\" alt=\"\" width=\"218\" height=\"218\" srcset=\"https:\/\/www.cedros.pt\/wp-content\/uploads\/2017\/07\/16473467_1367587333282502_1509664304981036033_n.png 200w, https:\/\/www.cedros.pt\/wp-content\/uploads\/2017\/07\/16473467_1367587333282502_1509664304981036033_n-100x100.png 100w, https:\/\/www.cedros.pt\/wp-content\/uploads\/2017\/07\/16473467_1367587333282502_1509664304981036033_n-150x150.png 150w, https:\/\/www.cedros.pt\/wp-content\/uploads\/2017\/07\/16473467_1367587333282502_1509664304981036033_n-180x180.png 180w\" sizes=\"auto, (max-width: 218px) 100vw, 218px\" \/><\/a><\/h4>\n<h4 style=\"text-align: center;\"><\/h4>\n<h4 style=\"text-align: center;\"><a href=\"https:\/\/www.cedros.pt\/cursos-de-curta-duracao\/\">Curso de Curta Dura\u00e7\u00e3o<\/a><\/h4>\n<\/td>\n<td width=\"196\">\n<h4 style=\"text-align: center;\"><a href=\"https:\/\/www.cedros.pt\/centro-de-estudo-e-formacao-avancada\/\"><img loading=\"lazy\" decoding=\"async\" class=\"wp-image-1061 aligncenter\" src=\"https:\/\/www.cedros.pt\/wp-content\/uploads\/2017\/07\/16298758_1358435207531048_6413934645362020663_n.png\" alt=\"\" width=\"220\" height=\"220\" srcset=\"https:\/\/www.cedros.pt\/wp-content\/uploads\/2017\/07\/16298758_1358435207531048_6413934645362020663_n.png 200w, https:\/\/www.cedros.pt\/wp-content\/uploads\/2017\/07\/16298758_1358435207531048_6413934645362020663_n-100x100.png 100w, https:\/\/www.cedros.pt\/wp-content\/uploads\/2017\/07\/16298758_1358435207531048_6413934645362020663_n-150x150.png 150w, https:\/\/www.cedros.pt\/wp-content\/uploads\/2017\/07\/16298758_1358435207531048_6413934645362020663_n-180x180.png 180w\" sizes=\"auto, (max-width: 220px) 100vw, 220px\" \/><\/a><\/h4>\n<h4 style=\"text-align: center;\"><\/h4>\n<h4 style=\"text-align: center;\"><a href=\"https:\/\/www.cedros.pt\/centro-de-estudo-e-formacao-avancada\/\">Teambuilding<\/a><\/h4>\n<\/td>\n<\/tr>\n<\/tbody>\n<\/table>\n<p>&nbsp;<\/p>\n<p>&nbsp;<\/p>\n<p>&nbsp;<\/p>\n","protected":false},"excerpt":{"rendered":"<p>Centro de Estudos e Forma\u00e7\u00e3o Avan\u00e7ada &nbsp; &nbsp; O QUE \u00c9 O CENTRO DE ESTUDO E FORMA\u00c7\u00c3O AVAN\u00c7ADA? &#8230;&#8230;&#8230;&#8230; O Centro de Estudo e Forma\u00e7\u00e3o Avan\u00e7ada \u00e9 composto por profissionais seniores, que integram diversas Comiss\u00f5es T\u00e9cnicas e N\u00facleos de Trabalho. . . O seu principal objetivo \u00e9 atualizar profissionais ao n\u00edvel da gest\u00e3o e dire\u00e7\u00e3o [&hellip;]<\/p>\n","protected":false},"author":5,"featured_media":613,"parent":1224,"menu_order":4,"comment_status":"closed","ping_status":"closed","template":"","meta":{"footnotes":""},"class_list":["post-1395","page","type-page","status-publish","has-post-thumbnail","hentry"],"_links":{"self":[{"href":"https:\/\/www.cedros.pt\/en\/wp-json\/wp\/v2\/pages\/1395","targetHints":{"allow":["GET"]}}],"collection":[{"href":"https:\/\/www.cedros.pt\/en\/wp-json\/wp\/v2\/pages"}],"about":[{"href":"https:\/\/www.cedros.pt\/en\/wp-json\/wp\/v2\/types\/page"}],"author":[{"embeddable":true,"href":"https:\/\/www.cedros.pt\/en\/wp-json\/wp\/v2\/users\/5"}],"replies":[{"embeddable":true,"href":"https:\/\/www.cedros.pt\/en\/wp-json\/wp\/v2\/comments?post=1395"}],"version-history":[{"count":1,"href":"https:\/\/www.cedros.pt\/en\/wp-json\/wp\/v2\/pages\/1395\/revisions"}],"predecessor-version":[{"id":1397,"href":"https:\/\/www.cedros.pt\/en\/wp-json\/wp\/v2\/pages\/1395\/revisions\/1397"}],"up":[{"embeddable":true,"href":"https:\/\/www.cedros.pt\/en\/wp-json\/wp\/v2\/pages\/1224"}],"wp:featuredmedia":[{"embeddable":true,"href":"https:\/\/www.cedros.pt\/en\/wp-json\/wp\/v2\/media\/613"}],"wp:attachment":[{"href":"https:\/\/www.cedros.pt\/en\/wp-json\/wp\/v2\/media?parent=1395"}],"curies":[{"name":"wp","href":"https:\/\/api.w.org\/{rel}","templated":true}]}}