{"id":3041,"date":"2018-03-08T09:07:06","date_gmt":"2018-03-08T09:07:06","guid":{"rendered":"https:\/\/www.cedros.pt\/termos-e-condicoes\/"},"modified":"2018-05-28T12:03:36","modified_gmt":"2018-05-28T12:03:36","slug":"termos-e-condicoes","status":"publish","type":"page","link":"https:\/\/www.cedros.pt\/en\/termos-e-condicoes\/","title":{"rendered":"Termos e Condi\u00e7\u00f5es"},"content":{"rendered":"<h2>TERMOS E CONDI\u00c7\u00d5ES (MERCADORIA E SERVI\u00c7OS)<\/h2>\n<p><a href=\"www.cedros.pt\/loja\">www.cedros.pt\/loja<\/a><\/p>\n<p>&nbsp;<\/p>\n<h3>PRE\u00c2MBULO<\/h3>\n<p>1.\u00ba Estas condi\u00e7\u00f5es gerais de venda s\u00e3o acordadas entre a Centrajuste &#8211; CEDROS, Lda -, com sede Rua \u00c1lvaro Cunhal, 12, 7780-346 ENTRADAS n\u00famero de identifica\u00e7\u00e3o fiscal 506312887 e contacto +351 210868855, doravante designada por \u201cCEDROS\u201d e as pessoas que desejem efetuar compras atrav\u00e9s do website www.cedros.pt\/loja doravante designadas por &#8220;Utilizador&#8221;.<\/p>\n<p>2.\u00ba As partes acordam que as compras efetuadas atrav\u00e9s do website www.cedros.pt\/loja ser\u00e3o reguladas exclusivamente pelo presente contrato com exclus\u00e3o de quaisquer condi\u00e7\u00f5es previamente dispon\u00edveis no website.<\/p>\n<p>&nbsp;<\/p>\n<h3>ARTIGO 1 \u2013 OBJETO<\/h3>\n<p>1. As presentes condi\u00e7\u00f5es gerais de venda t\u00eam por objeto disponibilizar e definir todas as informa\u00e7\u00f5es necess\u00e1rias ao Utilizador sobre as modalidades de encomenda, venda, pagamento e presta\u00e7\u00e3o de servi\u00e7o ou entrega das compras efetuadas no website www.cedros.pt\/loja<\/p>\n<p>2. Estas condi\u00e7\u00f5es regulam todas as etapas necess\u00e1rias para realizar a encomenda e garantem o seguimento desta encomenda\/presta\u00e7\u00e3o de servi\u00e7o entre as Partes Contratantes.<\/p>\n<p>&nbsp;<\/p>\n<h3>ARTIGO 2 \u2013 ENCOMENDA<\/h3>\n<p>1. O Utilizador concretiza a sua encomenda atrav\u00e9s da conclus\u00e3o do processo de compra apresentado no website www.cedros.pt\/loja, adicionando o(s) produto(s) ou servi\u00e7o(s) que pretende encomendar ao cesto de compras:<\/p>\n<p>2. Para enviar a sua encomenda o Utilizador dever\u00e1:<\/p>\n<ol>\n<li>a) Registar-se no website www.cedros.pt\/loja, fornecendo para o efeito as informa\u00e7\u00f5es a\u00ed solicitadas.<\/li>\n<li>b) Efetuar o \u201clogin\u201d (facultando uma combina\u00e7\u00e3o de e-mail e palavra passe escolhidas pelo Utilizador no ato de registo).<\/li>\n<li>c) Completar a informa\u00e7\u00e3o e escolher as op\u00e7\u00f5es que lhe s\u00e3o disponibilizadas ao longo do processo de termino da encomenda (morada de entrega e fatura\u00e7\u00e3o, forma de envio, forma de pagamento, bem como o NIF e o nome que, para efeitos fiscais, pretende que constem na fatura).<\/li>\n<\/ol>\n<p>3. A confirma\u00e7\u00e3o final da encomenda pelo Utilizador equivale \u00e0 aceita\u00e7\u00e3o plena e completa dos pre\u00e7os e descri\u00e7\u00e3o dos produtos\/servi\u00e7os dispon\u00edveis para venda assim como destas Condi\u00e7\u00f5es Gerais de Venda que ser\u00e3o as \u00fanicas aplic\u00e1veis ao contrato assim conclu\u00eddo.<\/p>\n<p>4. A CEDROS, Lda honrar\u00e1 as encomendas recebidas online at\u00e9 ao limite dos stocks dispon\u00edveis. Na falta de disponibilidade do produto\/servi\u00e7o a CEDROS, Lda compromete-se a informar o Utilizador logo que lhe seja poss\u00edvel.<\/p>\n<p>5. Os dados constantes na fatura s\u00e3o da inteira responsabilidade do Utilizador. A fatura depois de emitida n\u00e3o poder\u00e1 ser reemitida com altera\u00e7\u00f5es.<\/p>\n<p>6. Os pedidos de encomenda t\u00eam uma validade de 30 dias (trinta) dias, excepto se a encomenda for registada ao abrigo de uma campanha promocional que defina um prazo diferente, n\u00e3o sendo poss\u00edvel garantir a presta\u00e7\u00e3o do servi\u00e7o, pre\u00e7os, descontos, promo\u00e7\u00f5es e ofertas para al\u00e9m deste prazo. Caso o pagamento da mesma n\u00e3o seja recepcionado pelos nossos servi\u00e7os dentro do referido prazo, a encomenda n\u00e3o poder\u00e1 ser validada. Qualquer valor recebido ap\u00f3s esta data ser\u00e1 devolvido ou usado numa nova encomenda.<\/p>\n<p>&nbsp;<\/p>\n<h3>ARTIGO 3 \u2013 PAGAMENTO<\/h3>\n<p>1. No website www.cedros.pt\/loja, a Cedros, Lda prop\u00f5e ao Utilizador as seguintes modalidades de pagamento via Easypay &#8211; Institui\u00e7\u00e3o de Pagamento Lda:<\/p>\n<ol>\n<li>a) Cart\u00e3o de cr\u00e9dito (Visa, Mastercard);<\/li>\n<li>b) Refer\u00eancia Multibanco;<\/li>\n<li>c) Transfer\u00eancia;<\/li>\n<\/ol>\n<p>&nbsp;<\/p>\n<h3>COLOCA\u00c7\u00c3O LOGO EASYPAY E LOGOS DAS AS MARCAS<\/h3>\n<p>2. No caso do pagamento com cart\u00e3o de cr\u00e9dito, o d\u00e9bito ser\u00e1 efetuado no cart\u00e3o do Utilizador imediatamente ap\u00f3s confirma\u00e7\u00e3o da expedi\u00e7\u00e3o da mercadoria. Se alguns produtos encomendados se encontrarem esgotados, o valor dos mesmos ser\u00e1 creditado no cart\u00e3o do Utilizador, ap\u00f3s o fecho da encomenda.<\/p>\n<p>&nbsp;<\/p>\n<h3>ARTIGO 4 \u2013 ENTREGA\/ DISPONIBILIZA\u00c7\u00c3O E CONSUMO<\/h3>\n<p>1. A entrega das encomendas realizar-se at\u00e9 5 DIAS \u00fateis ap\u00f3s a encomenda. A entrega \u00e9 realizada pela empresa CTT- expresso.<\/p>\n<p>2. \u00c0 encomenda ser\u00e3o acrescidos 5 euros de custos de portes de envio. No caso de encomendas acima dos 100 euros os portes ser\u00e3o gratuitos.<\/p>\n<p>3. A disponibiliza\u00e7\u00e3o do servi\u00e7o ser\u00e1 realizada ap\u00f3s a confirma\u00e7\u00e3o do pagamento efectuado.<\/p>\n<p>&nbsp;<\/p>\n<h3>ARTIGO 5 \u2013 PRE\u00c7OS<\/h3>\n<p>1. Os pre\u00e7os devem entender-se em Euros, com taxas e impostos inclu\u00eddos, tendo em conta o IVA em vigor \u00e0 data do pagamento da encomenda.<\/p>\n<p>2. Caso se verifique um aumento do Pre\u00e7os de algum produto\/servi\u00e7o, o Utilizador ser\u00e1 informado de imediato, podendo optar por receber a sua encomenda (efetuando o pagamento da diferen\u00e7a) ou por proceder ao seu cancelamento.<\/p>\n<p>&nbsp;<\/p>\n<h3>ARTIGO 6 \u2013 CANCELAMENTO E DEVOLU\u00c7\u00c3O<\/h3>\n<p>1. O processo de cancelamento ou devolu\u00e7\u00e3o \u00e9 tratado caso a caso, pela Cedros, Lda. O pedido dever\u00e1 chegar por escrito para o e-mail de contacto cedros@cedros.pt , at\u00e9 8 dias ap\u00f3s a encomenda, sendo as instru\u00e7\u00f5es de cancelamento ou devolu\u00e7\u00e3o do valor pagou e\/ou devolu\u00e7\u00e3o da mercadoria, respondidas e definidas pela Cedros, Lda, pelo mesmo meio de comunica\u00e7\u00e3o.<\/p>\n<p>2. Sempre que poss\u00edvel a devolu\u00e7\u00e3o dever\u00e1 realizar-se pela mesma via de pagamento, mas caso n\u00e3o seja poss\u00edvel, o utilizador dever\u00e1 apresentar comprovativos de pagamento e de titularidade de conta ou cart\u00e3o, para que se realize a devolu\u00e7\u00e3o por Transfer\u00eancia Banc\u00e1ria.<\/p>\n<p>3. A Cedros, Lda compromete-se a reembolsar o Utilizador no prazo m\u00e1ximo de 15 dias.<\/p>\n<p>4. Os produtos devolvidos t\u00eam obrigatoriamente de se encontrar em condi\u00e7\u00f5es de venda, ou seja, no mesmo estado em que chegaram \u00e0s m\u00e3os do Utilizador, sem qualquer anomalia ou dano.<\/p>\n<p>5. Se o valor resultante da troca de produtos de uma encomenda for inferior ou superior ao valor inicial da mesma, as condi\u00e7\u00f5es de acerto, ser\u00e3o indicadas pela Cedros, Lda.<\/p>\n<p>&nbsp;<\/p>\n<h3>ARTIGO 7 \u2013 POL\u00cdTICA DE PRIVACIDADE<\/h3>\n<p>O tratamento dos seus dados \u00e9 feito no cumprimento da legisla\u00e7\u00e3o sobre a prote\u00e7\u00e3o de dados pessoais. Os mesmos, sujeitos a tratamento inform\u00e1tico, constar\u00e3o na(s) base(s) de dados da Cedros, Lda e destinam-se ao registo e apresenta\u00e7\u00e3o de outros produtos e servi\u00e7os, bem como informa\u00e7\u00e3o institucional, a disponibilizar pelas mesmas.<\/p>\n<p>O seu fornecimento \u00e9 facultativo e \u00e9 garantido, nos termos da lei, o direito de acesso, retifica\u00e7\u00e3o e anula\u00e7\u00e3o de qualquer dado que lhe diga diretamente respeito, pessoalmente ou por via escrita, diretamente para o endere\u00e7o constante na p\u00e1gina inicial deste website.<\/p>\n","protected":false},"excerpt":{"rendered":"<p>TERMOS E CONDI\u00c7\u00d5ES (MERCADORIA E SERVI\u00c7OS) www.cedros.pt\/loja &nbsp; PRE\u00c2MBULO 1.\u00ba Estas condi\u00e7\u00f5es gerais de venda s\u00e3o acordadas entre a Centrajuste &#8211; CEDROS, Lda -, com sede Rua \u00c1lvaro Cunhal, 12, 7780-346 ENTRADAS n\u00famero de identifica\u00e7\u00e3o fiscal 506312887 e contacto +351 210868855, doravante designada por \u201cCEDROS\u201d e as pessoas que desejem efetuar compras atrav\u00e9s do website [&hellip;]<\/p>\n","protected":false},"author":5,"featured_media":401,"parent":0,"menu_order":0,"comment_status":"closed","ping_status":"closed","template":"","meta":{"footnotes":""},"class_list":["post-3041","page","type-page","status-publish","has-post-thumbnail","hentry"],"_links":{"self":[{"href":"https:\/\/www.cedros.pt\/en\/wp-json\/wp\/v2\/pages\/3041","targetHints":{"allow":["GET"]}}],"collection":[{"href":"https:\/\/www.cedros.pt\/en\/wp-json\/wp\/v2\/pages"}],"about":[{"href":"https:\/\/www.cedros.pt\/en\/wp-json\/wp\/v2\/types\/page"}],"author":[{"embeddable":true,"href":"https:\/\/www.cedros.pt\/en\/wp-json\/wp\/v2\/users\/5"}],"replies":[{"embeddable":true,"href":"https:\/\/www.cedros.pt\/en\/wp-json\/wp\/v2\/comments?post=3041"}],"version-history":[{"count":1,"href":"https:\/\/www.cedros.pt\/en\/wp-json\/wp\/v2\/pages\/3041\/revisions"}],"predecessor-version":[{"id":3042,"href":"https:\/\/www.cedros.pt\/en\/wp-json\/wp\/v2\/pages\/3041\/revisions\/3042"}],"wp:featuredmedia":[{"embeddable":true,"href":"https:\/\/www.cedros.pt\/en\/wp-json\/wp\/v2\/media\/401"}],"wp:attachment":[{"href":"https:\/\/www.cedros.pt\/en\/wp-json\/wp\/v2\/media?parent=3041"}],"curies":[{"name":"wp","href":"https:\/\/api.w.org\/{rel}","templated":true}]}}