{"id":3127,"date":"2018-06-08T14:29:08","date_gmt":"2018-06-08T14:29:08","guid":{"rendered":"https:\/\/www.cedros.pt\/politica-de-privacidade\/"},"modified":"2018-06-08T18:31:25","modified_gmt":"2018-06-08T18:31:25","slug":"privacy-policy","status":"publish","type":"page","link":"https:\/\/www.cedros.pt\/en\/privacy-policy\/","title":{"rendered":"Pol\u00edtica de privacidade"},"content":{"rendered":"<h2>PROTE\u00c7\u00c3O DE DADOS PESSOAIS<\/h2>\n<p>A administra\u00e7\u00e3o\/ger\u00eancia da empresa CENTRAJUSTE &#8211; CENTRO DE ESTUDOS E DESENVOLVIMENTO DE RECURSOS ORGANIZA\u00c7\u00d5ES E SISTEMAS, LDA, contribuinte e matr\u00edcula n.\u00ba 506312887, com sede na Rua \u00c1lvaro Cunhal, n.\u00ba 12, freguesia de ENTRADAS, concelho de CASTRO VERDE, 7780-346 ENTRADAS, em observ\u00e2ncia com o Regulamento Geral de Prote\u00e7\u00e3o de Dados, assume o compromisso da prote\u00e7\u00e3o de dados dos clientes, fornecedores, trabalhadores, \u00f3rg\u00e3os sociais e demais colaboradores e outros que com esta empresa se relacionem, consubstanciado no seguinte:<\/p>\n<p>&nbsp;<\/p>\n<h3>DADOS PESSOAIS<\/h3>\n<p class=\"p-number\">1\u00ba<\/p>\n<p>A entidade respons\u00e1vel pelo tratamento dos dados pessoais dos clientes, fornecedores, trabalhadores, \u00f3rg\u00e3os sociais e demais colaboradores e outros que com esta empresa se relacionem e que a esta empresa sejam fornecidos pelos pr\u00f3prios \u00e9 a CENTRAJUSTE &#8211; CENTRO DE ESTUDOS E DESENVOLVIMENTO DE RECURSOS ORGANIZA\u00c7\u00d5ES E SISTEMAS, LDA.<\/p>\n<p>&nbsp;<\/p>\n<p class=\"p-number\">2\u00ba<\/p>\n<p>A CENTRAJUSTE &#8211; CENTRO DE ESTUDOS E DESENVOLVIMENTO DE RECURSOS ORGANIZA\u00c7\u00d5ES E SISTEMAS, LDA designou como encarregado da prote\u00e7\u00e3o de dados a pr\u00f3pria administra\u00e7\u00e3o e que poder\u00e1 ser diretamente contactados atrav\u00e9s de carta enviada para DEPARTAMENTO DE PROTE\u00c7\u00c3O DE DADOS DA CENTRAJUSTE &#8211; CENTRO DE ESTUDOS E DESENVOLVIMENTO DE RECURSOS ORGANIZA\u00c7\u00d5ES E SISTEMAS, LDA, Vale de Craveiras CCI 8807, 2950-731 QUINTA DO ANJO.<\/p>\n<p>&nbsp;<\/p>\n<p class=\"p-number\">3\u00ba<\/p>\n<p>Os dados pessoais dos clientes, fornecedores, trabalhadores, \u00f3rg\u00e3os sociais e demais colaboradores e outros que com esta empresa se relacionem e que a esta empresa sejam fornecidos pelos pr\u00f3prios s\u00e3o tratados por serem necess\u00e1rios \u00e0 celebra\u00e7\u00e3o e execu\u00e7\u00e3o de contratos e \u00e0 atividade da CENTRAJUSTE &#8211; CENTRO DE ESTUDOS E DESENVOLVIMENTO DE RECURSOS ORGANIZA\u00c7\u00d5ES E SISTEMAS, LDA que visam apenas o prosseguimento de interesses leg\u00edtimos da CENTRAJUSTE &#8211; CENTRO DE ESTUDOS E DESENVOLVIMENTO DE RECURSOS ORGANIZA\u00c7\u00d5ES E SISTEMAS, LDA e sempre voluntariamente fornecidos pelos titulares dos mesmos.<\/p>\n<p>&nbsp;<\/p>\n<p class=\"p-number\">4\u00ba<\/p>\n<p>Os dados pessoais dos clientes, fornecedores, trabalhadores, \u00f3rg\u00e3os sociais e demais colaboradores e outros que com esta empresa se relacionem e que a esta empresa sejam fornecidos pelos pr\u00f3prios ser\u00e3o processados e armazenados informaticamente ou documentalmente, destinando-se a ser utilizados pela CENTRAJUSTE &#8211; CENTRO DE ESTUDOS E DESENVOLVIMENTO DE RECURSOS ORGANIZA\u00c7\u00d5ES E SISTEMAS, LDA na exclusiva necessidade da sua atividade, para a identifica\u00e7\u00e3o nos contratos, para gest\u00e3o do cliente, para presta\u00e7\u00e3o de servi\u00e7os, para gest\u00e3o contabil\u00edstica, fiscal e administrativa, para gest\u00e3o de contencioso, controlo da seguran\u00e7a e execu\u00e7\u00e3o laboral e cumprimento das obriga\u00e7\u00f5es legais.<\/p>\n<p>&nbsp;<\/p>\n<p class=\"p-number\">5\u00ba<\/p>\n<p>Os dados pessoais dos clientes, fornecedores, trabalhadores, \u00f3rg\u00e3os sociais e demais colaboradores e outros que com esta empresa se relacionem e que a esta empresa sejam fornecidos pelos pr\u00f3prios, podem ser utilizados para fins de marketing, mas que os titulares dos mesmos podem sempre e a qualquer momento manifestar a op\u00e7\u00e3o de n\u00e3o consentimento. O consentimento deve ser pr\u00e9vio, livre, informado, espec\u00edfico e inequ\u00edvoco, manifestado por declara\u00e7\u00e3o escrita, oral ou de valida\u00e7\u00e3o de uma op\u00e7\u00e3o.<\/p>\n<p>&nbsp;<\/p>\n<p class=\"p-number\">6\u00ba<\/p>\n<p>Os dados pessoais dos clientes, fornecedores, trabalhadores, \u00f3rg\u00e3os sociais e demais colaboradores e outros que com esta empresa se relacionem e que a esta empresa sejam fornecidos pelos pr\u00f3prios s\u00e3o conservados por per\u00edodos de tempo diferentes, consoante a finalidade a que se destinam e tendo em conta a dura\u00e7\u00e3o da rela\u00e7\u00e3o contratual, comercial ou outra com a CENTRAJUSTE &#8211; CENTRO DE ESTUDOS E DESENVOLVIMENTO DE RECURSOS ORGANIZA\u00c7\u00d5ES E SISTEMAS, LDA e os crit\u00e9rios legais, sendo que logo que desnecess\u00e1rios ser\u00e3o inutilizados.<\/p>\n<p>&nbsp;<\/p>\n<p class=\"p-number\">7\u00ba<\/p>\n<p>1 &#8211; A CENTRAJUSTE &#8211; CENTRO DE ESTUDOS E DESENVOLVIMENTO DE RECURSOS ORGANIZA\u00c7\u00d5ES E SISTEMAS, LDA pode recorrer a subcontratantes para efeitos de tratamento de dados.<br \/>\n2 &#8211; A CENTRAJUSTE &#8211; CENTRO DE ESTUDOS E DESENVOLVIMENTO DE RECURSOS ORGANIZA\u00c7\u00d5ES E SISTEMAS, LDA pode, em determinadas circunst\u00e2ncias e no cumprimento de obriga\u00e7\u00f5es legais, comunicar certos dados pessoais a autoridades p\u00fablicas, como por exemplo Autoridade Tribut\u00e1ria, Tribunais, e For\u00e7as de Seguran\u00e7a.<\/p>\n<p>&nbsp;<\/p>\n<p class=\"p-number\">8\u00ba<\/p>\n<p>1 &#8211; \u00c9 garantido aos clientes, fornecedores, trabalhadores, \u00f3rg\u00e3os sociais e demais colaboradores e outros que com esta empresa se relacionem o direito de acesso, de retifica\u00e7\u00e3o, de oposi\u00e7\u00e3o, de apagamento, de limita\u00e7\u00e3o e de portabilidade dos seus dados. O exerc\u00edcio dos seus direitos dever\u00e1 ser solicitado para DEPARTAMENTO DE PROTE\u00c7\u00c3O DE DADOS DA CENTRAJUSTE &#8211; CENTRO DE ESTUDOS E DESENVOLVIMENTO DE RECURSOS ORGANIZA\u00c7\u00d5ES E SISTEMAS, LDA, Vale de Craveiras CCI 8807, 2950-731 QUINTA DO ANJO.<br \/>\n2 \u2013 Os clientes, fornecedores, trabalhadores, \u00f3rg\u00e3os sociais e demais colaboradores e outros que com esta empresa se relacionem ter\u00e3o sempres o direito de reclamar diretamente \u00e1 autoridade de controlo.<br \/>\n3 &#8211; O presente \u00e9 divulgado a todos os clientes, fornecedores, trabalhadores, \u00f3rg\u00e3os sociais e demais colaboradores e outros que com esta empresa se relacionem, atrav\u00e9s de protocolo, no caso de trabalhadores e colaboradores e aos demais atrav\u00e9s do \u201csite\u201d da empresa www.cedros.pt ou www.cedrosinternational.com.<\/p>\n","protected":false},"excerpt":{"rendered":"<p>PROTE\u00c7\u00c3O DE DADOS PESSOAIS A administra\u00e7\u00e3o\/ger\u00eancia da empresa CENTRAJUSTE &#8211; CENTRO DE ESTUDOS E DESENVOLVIMENTO DE RECURSOS ORGANIZA\u00c7\u00d5ES E SISTEMAS, LDA, contribuinte e matr\u00edcula n.\u00ba 506312887, com sede na Rua \u00c1lvaro Cunhal, n.\u00ba 12, freguesia de ENTRADAS, concelho de CASTRO VERDE, 7780-346 ENTRADAS, em observ\u00e2ncia com o Regulamento Geral de Prote\u00e7\u00e3o de Dados, assume o [&hellip;]<\/p>\n","protected":false},"author":5,"featured_media":2847,"parent":0,"menu_order":0,"comment_status":"closed","ping_status":"closed","template":"","meta":{"footnotes":""},"class_list":["post-3127","page","type-page","status-publish","has-post-thumbnail","hentry"],"_links":{"self":[{"href":"https:\/\/www.cedros.pt\/en\/wp-json\/wp\/v2\/pages\/3127","targetHints":{"allow":["GET"]}}],"collection":[{"href":"https:\/\/www.cedros.pt\/en\/wp-json\/wp\/v2\/pages"}],"about":[{"href":"https:\/\/www.cedros.pt\/en\/wp-json\/wp\/v2\/types\/page"}],"author":[{"embeddable":true,"href":"https:\/\/www.cedros.pt\/en\/wp-json\/wp\/v2\/users\/5"}],"replies":[{"embeddable":true,"href":"https:\/\/www.cedros.pt\/en\/wp-json\/wp\/v2\/comments?post=3127"}],"version-history":[{"count":1,"href":"https:\/\/www.cedros.pt\/en\/wp-json\/wp\/v2\/pages\/3127\/revisions"}],"predecessor-version":[{"id":3128,"href":"https:\/\/www.cedros.pt\/en\/wp-json\/wp\/v2\/pages\/3127\/revisions\/3128"}],"wp:featuredmedia":[{"embeddable":true,"href":"https:\/\/www.cedros.pt\/en\/wp-json\/wp\/v2\/media\/2847"}],"wp:attachment":[{"href":"https:\/\/www.cedros.pt\/en\/wp-json\/wp\/v2\/media?parent=3127"}],"curies":[{"name":"wp","href":"https:\/\/api.w.org\/{rel}","templated":true}]}}