{"id":9170,"date":"2022-09-23T10:20:58","date_gmt":"2022-09-23T10:20:58","guid":{"rendered":"https:\/\/www.cedros.pt\/?page_id=9170"},"modified":"2023-02-01T11:09:29","modified_gmt":"2023-02-01T11:09:29","slug":"metodos-e-instrumentos-de-medicao-do-ruido-no-trabalho","status":"publish","type":"page","link":"https:\/\/www.cedros.pt\/en\/metodos-e-instrumentos-de-medicao-do-ruido-no-trabalho\/","title":{"rendered":"M\u00e9todos e Instrumentos de Medi\u00e7\u00e3o do Ru\u00eddo no Trabalho"},"content":{"rendered":"\n<p><strong><span class=\"has-inline-color has-luminous-vivid-orange-color\">M\u00e9todos e Instrumentos de Medi\u00e7\u00e3o do Ru\u00eddo no Trabalho<\/span><\/strong><\/p>\n\n\n\n<p><span class=\"has-inline-color has-white-color\">.<\/span><\/p>\n\n\n\n<p><strong><span class=\"has-inline-color has-luminous-vivid-orange-color\">Objetivos Pedag\u00f3gicos <\/span><\/strong><\/p>\n\n\n\n<ul class=\"wp-block-list\"><li>Conhecimento dos requisitos legais vigentes relativos \u00e0 exposi\u00e7\u00e3o pessoal ao ru\u00eddo nos locais de trabalho e as metodologias de ensaio de avalia\u00e7\u00e3o da exposi\u00e7\u00e3o ao ru\u00eddo dos trabalhadores;<\/li><li>Dominar os c\u00e1lculos da exposi\u00e7\u00e3o di\u00e1ria ao ru\u00eddo, c\u00e1lculo de incertezas, atribui\u00e7\u00e3o dos protetores auditivos e respetivo preenchimento das fichas individuais por trabalhador;<\/li><li>Interpretar os resultados das avalia\u00e7\u00f5es.<\/li><\/ul>\n\n\n\n<p><\/p>\n\n\n\n<p><strong><span class=\"has-inline-color has-luminous-vivid-orange-color\">Conte\u00fado Program\u00e1tico<\/span><\/strong><\/p>\n\n\n\n<figure class=\"wp-block-table\"><table><tbody><tr><td><strong>1- Conceitos fundamentais (1h)<\/strong><br>1.1 \u2013 Som <em>vs<\/em> ru\u00eddo (natureza do som, rece\u00e7\u00e3o e velocidade)<br>1.2 &#8211; Caracter\u00edsticas do som (amplitude, frequ\u00eancia, comprimento de onda, fase, escala de Decibel, n\u00edvel de press\u00e3o sonora)<br>1.3 &#8211; Medi\u00e7\u00e3o do som (pondera\u00e7\u00e3o temporal, curvas de pondera\u00e7\u00e3o, n\u00edveis sonoros cont\u00ednuos equivalentes e n\u00edveis de pico, equipamentos de medi\u00e7\u00e3o)<br>1.4 &#8211; O Ru\u00eddo e o Homem <br><br><strong>2 &#8211; Legisla\u00e7\u00e3o laboral \u2013 DL 182\/2006 (2h)<\/strong><br><strong>2.1 \u2013<\/strong> Valores Limite de Exposi\u00e7\u00e3o e Valores de A\u00e7\u00e3o<br><strong>2.2 \u2013<\/strong> Ficha Individual do Trabalhador<br><strong>2.3 \u2013<\/strong> Informa\u00e7\u00e3o e Forma\u00e7\u00e3o dos trabalhadores &nbsp;&nbsp;&nbsp;&nbsp;&nbsp; &nbsp;<\/td><td><strong>3 \u2013 Medi\u00e7\u00e3o e an\u00e1lise (3h) <\/strong><br><strong>3.1 \u2013<\/strong> Medi\u00e7\u00e3o do Ru\u00eddo <br><strong>3.2 \u2013<\/strong> C\u00e1lculo da exposi\u00e7\u00e3o pessoal di\u00e1ria ao Ru\u00eddo (<em>L<sub>EX<\/sub><\/em><sub>,8h<\/sub>) e M\u00e9dia Semanal (<em>\u1e38<sub>EX<\/sub><\/em><sub>,8h<\/sub>) e Efetiva (<em>L<sub>EX,<\/sub><\/em><sub>8h, <em>efect<\/em><\/sub>)<br> <strong>3.3 \u2013<\/strong> Escolha de protetores individuais <br><strong>3.4 \u2013<\/strong> C\u00e1lculo de incertezas de acordo com a Norma ISO 9612:2009 <br><strong>3.5<\/strong> \u2013 Exerc\u00edcios pr\u00e1ticos <strong>&nbsp;<\/strong><br><br><strong>4 \u2013 Medidas preventivas e controlo de ru\u00eddo nas ind\u00fastrias (2h)<\/strong><\/td><\/tr><\/tbody><\/table><\/figure>\n\n\n\n<p>Veja o programa completo clicando AQUI.<\/p>\n\n\n\n<p><span class=\"has-inline-color has-white-color\">.<\/span><\/p>\n\n\n\n<p><strong><span class=\"has-inline-color has-luminous-vivid-orange-color\">Data<\/span><\/strong><\/p>\n\n\n\n<p>28 de Fevereiro de 2023<\/p>\n\n\n\n<p>28 de Mar\u00e7o de 2023 <\/p>\n\n\n\n<p><span class=\"has-inline-color has-white-color\">.<\/span><\/p>\n\n\n\n<p><strong><span class=\"has-inline-color has-luminous-vivid-orange-color\">Local <\/span><\/strong><\/p>\n\n\n\n<p>Safety Technical Training Center da CEDROS em Quinta do Anjo &#8211; Palmela  <\/p>\n\n\n\n<p><span class=\"has-inline-color has-white-color\">.<\/span><\/p>\n\n\n\n<p><span class=\"has-inline-color has-luminous-vivid-orange-color\"><strong>Investimento<\/strong><\/span><\/p>\n\n\n\n<p>179 Euros por formando (valor final; isento de IVA)<\/p>\n\n\n\n<p><span class=\"has-inline-color has-white-color\">.<\/span><\/p>\n\n\n\n<p><strong><span class=\"has-inline-color has-luminous-vivid-orange-color\">Formador <\/span><\/strong><\/p>\n\n\n\n<p><strong>Nuno Anjos <\/strong><\/p>\n\n\n\n<p><strong>Experi\u00eancia Profissional<\/strong><\/p>\n\n\n\n<p>Profissional com 15 anos de experi\u00eancia na \u00e1rea da Qualidade, 6 na \u00e1rea da Seguran\u00e7a e 13 como formador.<\/p>\n\n\n\n<p>Experi\u00eancia como Coordenador de Seguran\u00e7a em Obra. <\/p>\n\n\n\n<p>Experi\u00eancia como T\u00e9cnico de Laborat\u00f3rio, nomeadamente na Calibra\u00e7\u00e3o e ensaio de equipamentos de medi\u00e7\u00e3o em v\u00e1rios dom\u00ednios da Metrologia Industrial.<\/p>\n\n\n\n<p><strong>Certifica\u00e7\u00f5es<\/strong><\/p>\n\n\n\n<p>\u2022 Experimentador Metrologista do Instituto Portugu\u00eas da Qualidade<br>\u2022 Membro Efetivo da Ordem dos Engenheiros T\u00e9cnicos<br>\u2022 Auditorias a Sistema de Gest\u00e3o da Seguran\u00e7a e Sa\u00fade no Trabalho<br>\u2022 CAP V (VI) de T\u00e9cnico Superior de Seguran\u00e7a e Higiene no Trabalho<br>\u2022 CAP (CCP) de Formador<\/p>\n","protected":false},"excerpt":{"rendered":"<p>M\u00e9todos e Instrumentos de Medi\u00e7\u00e3o do Ru\u00eddo no Trabalho . Objetivos Pedag\u00f3gicos Conhecimento dos requisitos legais vigentes relativos \u00e0 exposi\u00e7\u00e3o pessoal ao ru\u00eddo nos locais de trabalho e as metodologias de ensaio de avalia\u00e7\u00e3o da exposi\u00e7\u00e3o ao ru\u00eddo dos trabalhadores; Dominar os c\u00e1lculos da exposi\u00e7\u00e3o di\u00e1ria ao ru\u00eddo, c\u00e1lculo de incertezas, atribui\u00e7\u00e3o dos protetores auditivos [&hellip;]<\/p>\n","protected":false},"author":2,"featured_media":9183,"parent":0,"menu_order":0,"comment_status":"closed","ping_status":"closed","template":"","meta":{"footnotes":""},"class_list":["post-9170","page","type-page","status-publish","has-post-thumbnail","hentry"],"_links":{"self":[{"href":"https:\/\/www.cedros.pt\/en\/wp-json\/wp\/v2\/pages\/9170","targetHints":{"allow":["GET"]}}],"collection":[{"href":"https:\/\/www.cedros.pt\/en\/wp-json\/wp\/v2\/pages"}],"about":[{"href":"https:\/\/www.cedros.pt\/en\/wp-json\/wp\/v2\/types\/page"}],"author":[{"embeddable":true,"href":"https:\/\/www.cedros.pt\/en\/wp-json\/wp\/v2\/users\/2"}],"replies":[{"embeddable":true,"href":"https:\/\/www.cedros.pt\/en\/wp-json\/wp\/v2\/comments?post=9170"}],"version-history":[{"count":20,"href":"https:\/\/www.cedros.pt\/en\/wp-json\/wp\/v2\/pages\/9170\/revisions"}],"predecessor-version":[{"id":9574,"href":"https:\/\/www.cedros.pt\/en\/wp-json\/wp\/v2\/pages\/9170\/revisions\/9574"}],"wp:featuredmedia":[{"embeddable":true,"href":"https:\/\/www.cedros.pt\/en\/wp-json\/wp\/v2\/media\/9183"}],"wp:attachment":[{"href":"https:\/\/www.cedros.pt\/en\/wp-json\/wp\/v2\/media?parent=9170"}],"curies":[{"name":"wp","href":"https:\/\/api.w.org\/{rel}","templated":true}]}}